{"id":59,"date":"2017-07-31T18:58:20","date_gmt":"2017-07-31T18:58:20","guid":{"rendered":"http:\/\/kvklingenmuenster.de\/?page_id=59"},"modified":"2025-04-14T08:39:14","modified_gmt":"2025-04-14T06:39:14","slug":"ausschuss","status":"publish","type":"page","link":"https:\/\/kvklingenmuenster.de\/?page_id=59","title":{"rendered":"Beiratsmitglieder 2025"},"content":{"rendered":"<h3><span style=\"font-family: comic sans ms,sans-serif; color: #ff0000;\"><strong><u><span style=\"color: #ff0000; font-family: book antiqua, palatino, serif;\">Aktueller Ausschuss des KVK&#8217;s: <\/span><br \/>\n<\/u><\/strong><\/span><\/h3>\n<p><span style=\"font-family: book antiqua, palatino, serif;\">Hoffmann Lukas, Nau Yannick, Platz Werner; Claahsen-L\u00fcrtzener Doris, Hoffmann Gabi, B\u00fcchler Sandra, B\u00fcchler J\u00fcrgen, Scholl Anna, Nauerth Corinna, Nauerth Matthias, Moch Philipp, Hoffmann Volker, Flory Kathrin, H\u00fcther Sarah, H\u00fcther Max, Frey Timo, Flory Christel, Leidenheimer Josef, Fr\u00f6hlich Lisa, Werle Milena, Werle Marie<\/span><\/p>\n<p>Minschder Helau! <span style=\"font-family: comic sans ms,sans-serif; font-size: 16pt;\"><br \/>\n<\/span><\/p>\n<h3><\/h3>\n","protected":false},"excerpt":{"rendered":"<p>Aktueller Ausschuss des KVK&#8217;s: Hoffmann Lukas, Nau Yannick, Platz Werner; Claahsen-L\u00fcrtzener Doris, Hoffmann Gabi, B\u00fcchler Sandra, B\u00fcchler J\u00fcrgen, Scholl Anna, Nauerth Corinna, Nauerth Matthias, Moch Philipp, Hoffmann Volker, Flory Kathrin, H\u00fcther Sarah, H\u00fcther Max, Frey Timo, Flory Christel, Leidenheimer Josef, Fr\u00f6hlich Lisa, Werle Milena, Werle Marie Minschder Helau!<\/p>\n","protected":false},"author":2,"featured_media":0,"parent":0,"menu_order":0,"comment_status":"closed","ping_status":"closed","template":"","meta":{"footnotes":""},"class_list":["post-59","page","type-page","status-publish","hentry"],"_links":{"self":[{"href":"https:\/\/kvklingenmuenster.de\/index.php?rest_route=\/wp\/v2\/pages\/59","targetHints":{"allow":["GET"]}}],"collection":[{"href":"https:\/\/kvklingenmuenster.de\/index.php?rest_route=\/wp\/v2\/pages"}],"about":[{"href":"https:\/\/kvklingenmuenster.de\/index.php?rest_route=\/wp\/v2\/types\/page"}],"author":[{"embeddable":true,"href":"https:\/\/kvklingenmuenster.de\/index.php?rest_route=\/wp\/v2\/users\/2"}],"replies":[{"embeddable":true,"href":"https:\/\/kvklingenmuenster.de\/index.php?rest_route=%2Fwp%2Fv2%2Fcomments&post=59"}],"version-history":[{"count":12,"href":"https:\/\/kvklingenmuenster.de\/index.php?rest_route=\/wp\/v2\/pages\/59\/revisions"}],"predecessor-version":[{"id":746,"href":"https:\/\/kvklingenmuenster.de\/index.php?rest_route=\/wp\/v2\/pages\/59\/revisions\/746"}],"wp:attachment":[{"href":"https:\/\/kvklingenmuenster.de\/index.php?rest_route=%2Fwp%2Fv2%2Fmedia&parent=59"}],"curies":[{"name":"wp","href":"https:\/\/api.w.org\/{rel}","templated":true}]}}