{"id":193,"date":"2017-08-15T15:44:02","date_gmt":"2017-08-15T13:44:02","guid":{"rendered":"http:\/\/kvklingenmuenster.de\/?page_id=193"},"modified":"2024-02-05T09:57:28","modified_gmt":"2024-02-05T07:57:28","slug":"mitglied-werden","status":"publish","type":"page","link":"https:\/\/kvklingenmuenster.de\/?page_id=193","title":{"rendered":"Mitglied werden"},"content":{"rendered":"\n<p><\/p>\n\n\n<p><b>Mitglied werden <\/b><\/p>\n<p>Ja, ich m\u00f6chte Mitglied des Vereins werden!<\/p>\n<p>Der KVK freut sich auf jedes neues Mitglied! Egal ob vor, auf oder hinter der B\u00fchne, jeder ist herzlich Willkommen. \u00dcber aktive Mitglieder freut sich der Verein sehr, jedoch freuen wir uns auch \u00fcber Mitglieder, die sich unsere Prunksitzungen von unten anschauen wollen.<\/p>\n<p><a name=\"_GoBack\"><\/a><span style=\"color: #ff0000;\"><b>Der Familienbeitrag kostet Sie 15 Euro j\u00e4hrlich!<\/b><\/span><\/p>\n<p>\u00a0<\/p>\n<p>Und so gehen Sie vor:<\/p>\n<p>1. Drucken Sie die Beitrittserkl\u00e4rung aus <a href=\"https:\/\/kvklingenmuenster.de\/wp-content\/uploads\/2024\/02\/Beitrittserklaerung_KVK.pdf\">Beitrittserkla\u0308rung_KVK<\/a><\/p>\n<p>2. F\u00fcllen Sie die Anmeldung vollst\u00e4ndig aus, unterschreiben Sie bitte die Beitrittserkl\u00e4rung und\u00a0die Einzugserm\u00e4chtigung!<br \/>3. Schicken Sie die Anmeldung an:<\/p>\n<p><b>Lukas Hoffmann<\/b><\/p>\n<p><strong>Weinstra\u00dfe 77<br \/><\/strong><\/p>\n<p><strong>76889 Klingenm\u00fcnster<\/strong><\/p>\n<p><a href=\"https:\/\/kvklingenmuenster.de\/wp-content\/uploads\/2024\/02\/Beitrittserklaerung_KVK.pdf\">Beitrittserkla\u0308rung_KVK<\/a><\/p>\n<p>Wir erheben keine weiteren Aufnahme- oder Bearbeitungsgeb\u00fchren.<br \/>Die Mitgliedschaft kann von Ihnen jederzeit ohne Angabe von Gr\u00fcnden zum Jahresende gek\u00fcndigt werden.<\/p>\n<p>Sie k\u00f6nnen uns nat\u00fcrlich auch auf jeder unserer Veranstaltungen besuchen und ansprechen, wir haben immer ein Aufnahmeformular f\u00fcr Sie bereit!<\/p>","protected":false},"excerpt":{"rendered":"<p>Mitglied werden Ja, ich m\u00f6chte Mitglied des Vereins werden! Der KVK freut sich auf jedes neues Mitglied! Egal ob vor, auf oder hinter der B\u00fchne, jeder ist herzlich Willkommen. \u00dcber aktive Mitglieder freut sich der Verein sehr, jedoch freuen wir uns auch \u00fcber Mitglieder, die sich unsere Prunksitzungen von unten anschauen wollen. Der Familienbeitrag kostet &hellip; <\/p>\n<p class=\"link-more\"><a href=\"https:\/\/kvklingenmuenster.de\/?page_id=193\" class=\"more-link\">Mehr <span class=\"screen-reader-text\">\u00fcber &#8222;Mitglied werden&#8220; <\/span>Lesen<\/a><\/p>\n","protected":false},"author":2,"featured_media":0,"parent":0,"menu_order":0,"comment_status":"closed","ping_status":"closed","template":"","meta":{"footnotes":""},"class_list":["post-193","page","type-page","status-publish","hentry"],"_links":{"self":[{"href":"https:\/\/kvklingenmuenster.de\/index.php?rest_route=\/wp\/v2\/pages\/193","targetHints":{"allow":["GET"]}}],"collection":[{"href":"https:\/\/kvklingenmuenster.de\/index.php?rest_route=\/wp\/v2\/pages"}],"about":[{"href":"https:\/\/kvklingenmuenster.de\/index.php?rest_route=\/wp\/v2\/types\/page"}],"author":[{"embeddable":true,"href":"https:\/\/kvklingenmuenster.de\/index.php?rest_route=\/wp\/v2\/users\/2"}],"replies":[{"embeddable":true,"href":"https:\/\/kvklingenmuenster.de\/index.php?rest_route=%2Fwp%2Fv2%2Fcomments&post=193"}],"version-history":[{"count":15,"href":"https:\/\/kvklingenmuenster.de\/index.php?rest_route=\/wp\/v2\/pages\/193\/revisions"}],"predecessor-version":[{"id":670,"href":"https:\/\/kvklingenmuenster.de\/index.php?rest_route=\/wp\/v2\/pages\/193\/revisions\/670"}],"wp:attachment":[{"href":"https:\/\/kvklingenmuenster.de\/index.php?rest_route=%2Fwp%2Fv2%2Fmedia&parent=193"}],"curies":[{"name":"wp","href":"https:\/\/api.w.org\/{rel}","templated":true}]}}