{"id":133,"date":"2017-08-02T18:55:41","date_gmt":"2017-08-02T18:55:41","guid":{"rendered":"http:\/\/kvklingenmuenster.de\/?page_id=133"},"modified":"2026-01-05T21:22:23","modified_gmt":"2026-01-05T19:22:23","slug":"goldener-loewe","status":"publish","type":"page","link":"https:\/\/kvklingenmuenster.de\/?page_id=133","title":{"rendered":"Goldener L\u00f6we"},"content":{"rendered":"<table width=\"547\">\n<tbody>\n<tr>\n<td width=\"80\">\n<h1><span style=\"font-size: 20pt; font-family: comic\\ sans\\ ms, sans-serif;\"><strong><span style=\"text-decoration: underline; color: #800000;\">verliehen<\/span><\/strong><\/span><\/h1>\n<\/td>\n<td width=\"159\">\n<h1><span style=\"font-size: 20pt; font-family: comic\\ sans\\ ms, sans-serif;\"><strong><span style=\"text-decoration: underline; color: #800000;\">Besitzer<\/span><\/strong><\/span><\/h1>\n<\/td>\n<td width=\"54\">\n<h1><span style=\"font-size: 20pt; font-family: comic\\ sans\\ ms, sans-serif;\"><strong><span style=\"text-decoration: underline; color: #800000;\">L\u00f6Nr<\/span><\/strong><\/span><\/h1>\n<\/td>\n<td width=\"254\">\n<h1><span style=\"font-size: 20pt; font-family: comic\\ sans\\ ms, sans-serif;\"><strong><span style=\"text-decoration: underline; color: #800000;\">Verein<\/span><\/strong><\/span><\/h1>\n<\/td>\n<\/tr>\n<tr>\n<td><span style=\"font-family: comic\\ sans\\ ms, sans-serif;\">1999<\/span><\/td>\n<td><span style=\"font-family: comic\\ sans\\ ms, sans-serif;\">Josef Leidenheimer<\/span><\/td>\n<td><span style=\"font-family: comic\\ sans\\ ms, sans-serif;\">3424<\/span><\/td>\n<td><span style=\"font-family: comic\\ sans\\ ms, sans-serif;\">KV Rot- Wei\u00df Klingenm\u00fcnster e.V.<\/span><\/td>\n<\/tr>\n<tr>\n<td><span style=\"font-family: comic\\ sans\\ ms, sans-serif;\">2002<\/span><\/td>\n<td><span style=\"font-family: comic\\ sans\\ ms, sans-serif;\">Christel Flory<\/span><\/td>\n<td><span style=\"font-family: comic\\ sans\\ ms, sans-serif;\">3993<\/span><\/td>\n<td><span style=\"font-family: comic\\ sans\\ ms, sans-serif;\">KV Rot- Wei\u00df Klingenm\u00fcnster e.V.<\/span><\/td>\n<\/tr>\n<tr>\n<td><span style=\"font-family: comic\\ sans\\ ms, sans-serif;\">2004<\/span><\/td>\n<td><span style=\"font-family: comic\\ sans\\ ms, sans-serif;\">Heinz Michel<\/span><\/td>\n<td><span style=\"font-family: comic\\ sans\\ ms, sans-serif;\">4502<\/span><\/td>\n<td><span style=\"font-family: comic\\ sans\\ ms, sans-serif;\">KV Rot- Wei\u00df Klingenm\u00fcnster e.V.<\/span><\/td>\n<\/tr>\n<tr>\n<td><span style=\"font-family: comic\\ sans\\ ms, sans-serif;\">2006<\/span><\/td>\n<td><span style=\"font-family: comic\\ sans\\ ms, sans-serif;\">Gerhard Frey<\/span><\/td>\n<td><span style=\"font-family: comic\\ sans\\ ms, sans-serif;\">4897<\/span><\/td>\n<td><span style=\"font-family: comic\\ sans\\ ms, sans-serif;\">KV Rot- Wei\u00df Klingenm\u00fcnster e.V.<\/span><\/td>\n<\/tr>\n<tr>\n<td><span style=\"font-family: comic\\ sans\\ ms, sans-serif;\">2007<\/span><\/td>\n<td><span style=\"font-family: comic\\ sans\\ ms, sans-serif;\">Elisabeth Hofmann<\/span><\/td>\n<td><span style=\"font-family: comic\\ sans\\ ms, sans-serif;\">5158<\/span><\/td>\n<td><span style=\"font-family: comic\\ sans\\ ms, sans-serif;\">KV Rot- Wei\u00df Klingenm\u00fcnster e.V.<\/span><\/td>\n<\/tr>\n<tr>\n<td><span style=\"font-family: comic\\ sans\\ ms, sans-serif;\">2007<\/span><\/td>\n<td><span style=\"font-family: comic\\ sans\\ ms, sans-serif;\">Elke Keule<\/span><\/td>\n<td><span style=\"font-family: comic\\ sans\\ ms, sans-serif;\">5159<\/span><\/td>\n<td><span style=\"font-family: comic\\ sans\\ ms, sans-serif;\">KV Rot- Wei\u00df Klingenm\u00fcnster e.V.<\/span><\/td>\n<\/tr>\n<tr>\n<td><span style=\"font-family: comic\\ sans\\ ms, sans-serif;\">2007<\/span><\/td>\n<td><span style=\"font-family: comic\\ sans\\ ms, sans-serif;\">Manfred Hanika<\/span><\/td>\n<td><span style=\"font-family: comic\\ sans\\ ms, sans-serif;\">5160<\/span><\/td>\n<td><span style=\"font-family: comic\\ sans\\ ms, sans-serif;\">KV Rot- Wei\u00df Klingenm\u00fcnster e.V.<\/span><\/td>\n<\/tr>\n<tr>\n<td><span style=\"font-family: comic\\ sans\\ ms, sans-serif;\">2007<\/span><\/td>\n<td><span style=\"font-family: comic\\ sans\\ ms, sans-serif;\">Volker Hoffmann<\/span><\/td>\n<td><span style=\"font-family: comic\\ sans\\ ms, sans-serif;\">5161<\/span><\/td>\n<td><span style=\"font-family: comic\\ sans\\ ms, sans-serif;\">KV Rot- Wei\u00df Klingenm\u00fcnster e.V.<\/span><\/td>\n<\/tr>\n<tr>\n<td><span style=\"font-family: comic\\ sans\\ ms, sans-serif;\">2008<\/span><\/td>\n<td><span style=\"font-family: comic\\ sans\\ ms, sans-serif;\">Hannelore Bus<\/span><\/td>\n<td><span style=\"font-family: comic\\ sans\\ ms, sans-serif;\">5354<\/span><\/td>\n<td><span style=\"font-family: comic\\ sans\\ ms, sans-serif;\">KV Rot- Wei\u00df Klingenm\u00fcnster e.V.<\/span><\/td>\n<\/tr>\n<tr>\n<td><span style=\"font-family: comic\\ sans\\ ms, sans-serif;\">2008<\/span><\/td>\n<td><span style=\"font-family: comic\\ sans\\ ms, sans-serif;\">Harald Blarr<\/span><\/td>\n<td><span style=\"font-family: comic\\ sans\\ ms, sans-serif;\">5354<\/span><\/td>\n<td><span style=\"font-family: comic\\ sans\\ ms, sans-serif;\">KV Rot- Wei\u00df Klingenm\u00fcnster e.V.<\/span><\/td>\n<\/tr>\n<tr>\n<td><span style=\"font-family: comic\\ sans\\ ms, sans-serif;\">2008<\/span><\/td>\n<td><span style=\"font-family: comic\\ sans\\ ms, sans-serif;\">Eugen Bohrer<\/span><\/td>\n<td><span style=\"font-family: comic\\ sans\\ ms, sans-serif;\">5355<\/span><\/td>\n<td><span style=\"font-family: comic\\ sans\\ ms, sans-serif;\">KV Rot- Wei\u00df Klingenm\u00fcnster e.V.<\/span><\/td>\n<\/tr>\n<tr>\n<td><span style=\"font-family: comic\\ sans\\ ms, sans-serif;\">2009<\/span><\/td>\n<td><span style=\"font-family: comic\\ sans\\ ms, sans-serif;\">Karl-Heinz Moock<\/span><\/td>\n<td><span style=\"font-family: comic\\ sans\\ ms, sans-serif;\">5599<\/span><\/td>\n<td><span style=\"font-family: comic\\ sans\\ ms, sans-serif;\">KV Rot- Wei\u00df Klingenm\u00fcnster e.V.<\/span><\/td>\n<\/tr>\n<tr>\n<td><span style=\"font-family: comic\\ sans\\ ms, sans-serif;\">2011<\/span><\/td>\n<td><span style=\"font-family: comic\\ sans\\ ms, sans-serif;\">Ursula Schneider<\/span><\/td>\n<td><span style=\"font-family: comic\\ sans\\ ms, sans-serif;\">6105<\/span><\/td>\n<td><span style=\"font-family: comic\\ sans\\ ms, sans-serif;\">KV Rot- Wei\u00df Klingenm\u00fcnster e.V.<\/span><\/td>\n<\/tr>\n<tr>\n<td><span style=\"font-family: comic\\ sans\\ ms, sans-serif;\">2011<\/span><\/td>\n<td><span style=\"font-family: comic\\ sans\\ ms, sans-serif;\">Martin Berberich<\/span><\/td>\n<td><span style=\"font-family: comic\\ sans\\ ms, sans-serif;\">6106<\/span><\/td>\n<td><span style=\"font-family: comic\\ sans\\ ms, sans-serif;\">KV Rot- Wei\u00df Klingenm\u00fcnster e.V.<\/span><\/td>\n<\/tr>\n<tr>\n<td><span style=\"font-family: comic\\ sans\\ ms, sans-serif;\">2012<\/span><\/td>\n<td><span style=\"font-family: comic\\ sans\\ ms, sans-serif;\">Kathrin Flory<\/span><\/td>\n<td><span style=\"font-family: comic\\ sans\\ ms, sans-serif;\">6288<\/span><\/td>\n<td><span style=\"font-family: comic\\ sans\\ ms, sans-serif;\">KV Rot- Wei\u00df Klingenm\u00fcnster e.V.<\/span><\/td>\n<\/tr>\n<tr>\n<td><span style=\"font-family: comic\\ sans\\ ms, sans-serif;\">2012<\/span><\/td>\n<td><span style=\"font-family: comic\\ sans\\ ms, sans-serif;\">Sonja Rapp<\/span><\/td>\n<td><span style=\"font-family: comic\\ sans\\ ms, sans-serif;\">6289<\/span><\/td>\n<td><span style=\"font-family: comic\\ sans\\ ms, sans-serif;\">KV Rot- Wei\u00df Klingenm\u00fcnster e.V.<\/span><\/td>\n<\/tr>\n<tr>\n<td><span style=\"font-family: comic\\ sans\\ ms, sans-serif;\">2012<\/span><\/td>\n<td><span style=\"font-family: comic\\ sans\\ ms, sans-serif;\">Horst Rapp<\/span><\/td>\n<td><span style=\"font-family: comic\\ sans\\ ms, sans-serif;\">6290<\/span><\/td>\n<td><span style=\"font-family: comic\\ sans\\ ms, sans-serif;\">KV Rot- Wei\u00df Klingenm\u00fcnster e.V.<\/span><\/td>\n<\/tr>\n<tr>\n<td><span style=\"font-family: comic\\ sans\\ ms, sans-serif;\">2013<\/span><\/td>\n<td><span style=\"font-family: comic\\ sans\\ ms, sans-serif;\">Gabi Hoffmann<\/span><\/td>\n<td><span style=\"font-family: comic\\ sans\\ ms, sans-serif;\">6705<\/span><\/td>\n<td><span style=\"font-family: comic\\ sans\\ ms, sans-serif;\">KV Rot- Wei\u00df Klingenm\u00fcnster e.V.<\/span><\/td>\n<\/tr>\n<tr>\n<td><span style=\"font-family: comic\\ sans\\ ms, sans-serif;\">2013<\/span><\/td>\n<td><span style=\"font-family: comic\\ sans\\ ms, sans-serif;\">Ulrich Minor<\/span><\/td>\n<td><span style=\"font-family: comic\\ sans\\ ms, sans-serif;\">6706<\/span><\/td>\n<td><span style=\"font-family: comic\\ sans\\ ms, sans-serif;\">KV Rot- Wei\u00df Klingenm\u00fcnster e.V.<\/span><\/td>\n<\/tr>\n<tr>\n<td><span style=\"font-family: comic\\ sans\\ ms, sans-serif;\">2013<\/span><\/td>\n<td><span style=\"font-family: comic\\ sans\\ ms, sans-serif;\">Gerda Braun<\/span><\/td>\n<td><span style=\"font-family: comic\\ sans\\ ms, sans-serif;\">6707<\/span><\/td>\n<td><span style=\"font-family: comic\\ sans\\ ms, sans-serif;\">KV Rot- Wei\u00df Klingenm\u00fcnster e.V.<\/span><\/td>\n<\/tr>\n<tr>\n<td><span style=\"font-family: comic\\ sans\\ ms, sans-serif;\">2014<\/span><\/td>\n<td><span style=\"font-family: comic\\ sans\\ ms, sans-serif;\">Markus Sch\u00f6ffel<\/span><\/td>\n<td><span style=\"font-family: comic\\ sans\\ ms, sans-serif;\">6845<\/span><\/td>\n<td><span style=\"font-family: comic\\ sans\\ ms, sans-serif;\">KV Rot- Wei\u00df Klingenm\u00fcnster e.V.<\/span><\/td>\n<\/tr>\n<tr>\n<td><span style=\"font-family: comic\\ sans\\ ms, sans-serif;\">2014<\/span><\/td>\n<td><span style=\"font-family: comic\\ sans\\ ms, sans-serif;\">Herbert Sch\u00f6ffel<\/span><\/td>\n<td><span style=\"font-family: comic\\ sans\\ ms, sans-serif;\">6846<\/span><\/td>\n<td><span style=\"font-family: comic\\ sans\\ ms, sans-serif;\">KV Rot- Wei\u00df Klingenm\u00fcnster e.V.<\/span><\/td>\n<\/tr>\n<tr>\n<td><span style=\"font-family: comic\\ sans\\ ms, sans-serif;\">2015<\/span><\/td>\n<td><span style=\"font-family: comic\\ sans\\ ms, sans-serif;\">Hans Bader<\/span><\/td>\n<td><span style=\"font-family: comic\\ sans\\ ms, sans-serif;\">\u00a0<\/span><\/td>\n<td><span style=\"font-family: comic\\ sans\\ ms, sans-serif;\">KV Rot- Wei\u00df Klingenm\u00fcnster e.V.<\/span><\/td>\n<\/tr>\n<tr>\n<td><span style=\"font-family: comic\\ sans\\ ms, sans-serif;\">2016<\/span><\/td>\n<td><span style=\"font-family: comic\\ sans\\ ms, sans-serif;\">Gisela Platz<\/span><\/td>\n<td><span style=\"font-family: comic\\ sans\\ ms, sans-serif;\">7583<\/span><\/td>\n<td><span style=\"font-family: comic\\ sans\\ ms, sans-serif;\">KV Rot- Wei\u00df Klingenm\u00fcnster e.V.<\/span><\/td>\n<\/tr>\n<tr>\n<td><span style=\"font-family: comic\\ sans\\ ms, sans-serif;\">2016<\/span><\/td>\n<td><span style=\"font-family: comic\\ sans\\ ms, sans-serif;\">Werner Platz<\/span><\/td>\n<td><span style=\"font-family: comic\\ sans\\ ms, sans-serif;\">7584<\/span><\/td>\n<td><span style=\"font-family: comic\\ sans\\ ms, sans-serif;\">KV Rot- Wei\u00df Klingenm\u00fcnster e.V.<\/span><\/td>\n<\/tr>\n<tr>\n<td><span style=\"font-family: comic\\ sans\\ ms, sans-serif;\">2016<\/span><\/td>\n<td><span style=\"font-family: comic\\ sans\\ ms, sans-serif;\">Christina Platz<\/span><\/td>\n<td><span style=\"font-family: comic\\ sans\\ ms, sans-serif;\">7585<\/span><\/td>\n<td><span style=\"font-family: comic\\ sans\\ ms, sans-serif;\">KV Rot- Wei\u00df Klingenm\u00fcnster e.V.<\/span><\/td>\n<\/tr>\n<tr>\n<td><span style=\"font-family: comic\\ sans\\ ms, sans-serif;\">2017<\/span><\/td>\n<td><span style=\"font-family: comic\\ sans\\ ms, sans-serif;\">Roland Rotthaa\u00df<\/span><\/td>\n<td><span style=\"font-family: comic\\ sans\\ ms, sans-serif;\">7719<\/span><\/td>\n<td><span style=\"font-family: comic\\ sans\\ ms, sans-serif;\">KV Rot- Wei\u00df Klingenm\u00fcnster e.V.<\/span><\/td>\n<\/tr>\n<tr>\n<td><span style=\"font-family: comic\\ sans\\ ms, sans-serif;\">2017<\/span><\/td>\n<td><span style=\"font-family: comic\\ sans\\ ms, sans-serif;\">Dieter Platz<\/span><\/td>\n<td><span style=\"font-family: comic\\ sans\\ ms, sans-serif;\">7720<\/span><\/td>\n<td><span style=\"font-family: comic\\ sans\\ ms, sans-serif;\">KV Rot- Wei\u00df Klingenm\u00fcnster e.V.<\/span><\/td>\n<\/tr>\n<tr>\n<td><span style=\"font-family: comic\\ sans\\ ms, sans-serif;\">2018<\/span><\/td>\n<td><span style=\"font-family: comic\\ sans\\ ms, sans-serif;\">Kuhn Cathrin<\/span><\/td>\n<td><span style=\"font-family: comic\\ sans\\ ms, sans-serif;\">8111<\/span><\/td>\n<td><span style=\"font-family: comic\\ sans\\ ms, sans-serif;\">KV Rot- Wei\u00df Klingenm\u00fcnster e.V.<\/span><\/td>\n<\/tr>\n<tr>\n<td><span style=\"font-family: comic\\ sans\\ ms, sans-serif;\">2018<\/span><\/td>\n<td><span style=\"font-family: comic\\ sans\\ ms, sans-serif;\">Weiler Lisa<\/span><\/td>\n<td><span style=\"font-family: comic\\ sans\\ ms, sans-serif;\">8112<\/span><\/td>\n<td><span style=\"font-family: comic\\ sans\\ ms, sans-serif;\">KV Rot- Wei\u00df Klingenm\u00fcnster e.V.<\/span><\/td>\n<\/tr>\n<tr>\n<td><span style=\"font-family: comic\\ sans\\ ms, sans-serif;\">2018<\/span><\/td>\n<td><span style=\"font-family: comic\\ sans\\ ms, sans-serif;\">Frey Timo<\/span><\/td>\n<td><span style=\"font-family: comic\\ sans\\ ms, sans-serif;\">8113<\/span><\/td>\n<td><span style=\"font-family: comic\\ sans\\ ms, sans-serif;\">KV Rot- Wei\u00df Klingenm\u00fcnster e.V.<\/span><\/td>\n<\/tr>\n<tr>\n<td><span style=\"font-family: comic\\ sans\\ ms, sans-serif;\">2018<\/span><\/td>\n<td><span style=\"font-family: comic\\ sans\\ ms, sans-serif;\">Hammerschmidt Ina<\/span><\/td>\n<td><span style=\"font-family: comic\\ sans\\ ms, sans-serif;\">8114<\/span><\/td>\n<td><span style=\"font-family: comic\\ sans\\ ms, sans-serif;\">KV Rot- Wei\u00df Klingenm\u00fcnster e.V.<\/span><\/td>\n<\/tr>\n<tr>\n<td><span style=\"font-family: comic\\ sans\\ ms, sans-serif;\">2018<\/span><\/td>\n<td><span style=\"font-family: comic\\ sans\\ ms, sans-serif;\">Hoffmann Lukas<\/span><\/td>\n<td><span style=\"font-family: comic\\ sans\\ ms, sans-serif;\">8115<\/span><\/td>\n<td><span style=\"font-family: comic\\ sans\\ ms, sans-serif;\">KV Rot- Wei\u00df Klingenm\u00fcnster e.V.<\/span><\/td>\n<\/tr>\n<tr>\n<td><span style=\"font-family: comic\\ sans\\ ms, sans-serif;\">2019<\/span><\/td>\n<td><span style=\"font-family: comic\\ sans\\ ms, sans-serif;\">Werner Flory<br \/><\/span><\/td>\n<td><span style=\"font-family: comic\\ sans\\ ms, sans-serif;\">8540<\/span><\/td>\n<td><span style=\"font-family: comic\\ sans\\ ms, sans-serif;\">KV Rot- Wei\u00df Klingenm\u00fcnster e.V.<\/span><\/td>\n<\/tr>\n<tr>\n<td><span style=\"font-family: comic\\ sans\\ ms, sans-serif;\">2019<\/span><\/td>\n<td><span style=\"font-family: comic\\ sans\\ ms, sans-serif;\">Edelbert Rothha\u00df<br \/><\/span><\/td>\n<td><span style=\"font-family: comic\\ sans\\ ms, sans-serif;\">8541<\/span><\/td>\n<td><span style=\"font-family: comic\\ sans\\ ms, sans-serif;\">KV Rot- Wei\u00df Klingenm\u00fcnster e.V.<\/span><\/td>\n<\/tr>\n<tr>\n<td><span style=\"font-family: comic\\ sans\\ ms, sans-serif;\">2020<\/span><\/td>\n<td><span style=\"font-family: comic\\ sans\\ ms, sans-serif;\">Moock Patricia <\/span><\/td>\n<td><span style=\"font-family: comic\\ sans\\ ms, sans-serif;\">8115<\/span><\/td>\n<td><span style=\"font-family: comic\\ sans\\ ms, sans-serif;\">KV Rot- Wei\u00df Klingenm\u00fcnster e.V.<\/span><\/td>\n<\/tr>\n<tr>\n<td><span style=\"font-family: comic\\ sans\\ ms, sans-serif;\">2020<\/span><\/td>\n<td><span style=\"font-family: comic\\ sans\\ ms, sans-serif;\">Gruber Silvia<br \/><\/span><\/td>\n<td><span style=\"font-family: comic\\ sans\\ ms, sans-serif;\">8619<\/span><\/td>\n<td><span style=\"font-family: comic\\ sans\\ ms, sans-serif;\">KV Rot- Wei\u00df Klingenm\u00fcnster e.V.<\/span><\/td>\n<\/tr>\n<tr>\n<td><span style=\"font-family: comic\\ sans\\ ms, sans-serif;\">2020<\/span><\/td>\n<td><span style=\"font-family: comic\\ sans\\ ms, sans-serif;\">Gruber Hans<br \/><\/span><\/td>\n<td><span style=\"font-family: comic\\ sans\\ ms, sans-serif;\">8618<\/span><\/td>\n<td><span style=\"font-family: comic\\ sans\\ ms, sans-serif;\">KV Rot- Wei\u00df Klingenm\u00fcnster e.V.<\/span><\/td>\n<\/tr>\n<tr>\n<td><span style=\"font-family: comic\\ sans\\ ms, sans-serif;\">2020<\/span><\/td>\n<td><span style=\"font-family: comic\\ sans\\ ms, sans-serif;\">Flory Christian<br \/><\/span><\/td>\n<td><span style=\"font-family: comic\\ sans\\ ms, sans-serif;\">8617<\/span><\/td>\n<td><span style=\"font-family: 'comic sans ms', sans-serif;\">KV Rot- Wei\u00df Klingenm\u00fcnster e.V<\/span><\/td>\n<\/tr>\n<tr>\n<td><span style=\"font-family: comic\\ sans\\ ms, sans-serif;\">2021<\/span><\/td>\n<td><span style=\"font-family: comic\\ sans\\ ms, sans-serif;\">Mager J\u00f6rg<br \/><\/span><\/td>\n<td>8618<\/td>\n<td><span style=\"font-family: 'comic sans ms', sans-serif;\">KV Rot- Wei\u00df Klingenm\u00fcnster e.V<\/span><\/td>\n<\/tr>\n<tr>\n<td><span style=\"font-family: comic\\ sans\\ ms, sans-serif;\">2021<\/span><\/td>\n<td><span style=\"font-family: comic\\ sans\\ ms, sans-serif;\">Platz Melanie<\/span><\/td>\n<td>8619<\/td>\n<td>KV Rot- Wei\u00df Klingenm\u00fcnster e.V<\/td>\n<\/tr>\n<tr>\n<td><span style=\"font-family: comic\\ sans\\ ms, sans-serif;\">2022<\/span><\/td>\n<td><span style=\"font-family: comic\\ sans\\ ms, sans-serif;\">H\u00fcther Sarah<\/span><\/td>\n<td>8620<\/td>\n<td>KV Rot- Wei\u00df Klingenm\u00fcnster e.V<\/td>\n<\/tr>\n<tr>\n<td><span style=\"font-family: comic\\ sans\\ ms, sans-serif;\">2022<\/span><\/td>\n<td><span style=\"font-family: comic\\ sans\\ ms, sans-serif;\">Hantke Jennyfer<\/span><\/td>\n<td>8621<\/td>\n<td>KV Rot- Wei\u00df Klingenm\u00fcnster e.V<\/td>\n<\/tr>\n<tr>\n<td><span style=\"font-family: comic\\ sans\\ ms, sans-serif;\">2023<\/span><\/td>\n<td><span style=\"font-family: comic\\ sans\\ ms, sans-serif;\">Hammerschmidt Iris<\/span><\/td>\n<td>8622<\/td>\n<td>KV Rot- Wei\u00df Klingenm\u00fcnster e.V<\/td>\n<\/tr>\n<tr>\n<td><span style=\"font-family: comic\\ sans\\ ms, sans-serif;\">2024<\/span><\/td>\n<td><span style=\"font-family: comic\\ sans\\ ms, sans-serif;\">Schweigert Stefanie<\/span><\/td>\n<td>8623<\/td>\n<td>KV Rot- Wei\u00df Klingenm\u00fcnster e.V<\/td>\n<\/tr>\n<tr>\n<td><span style=\"font-family: comic\\ sans\\ ms, sans-serif;\">2025<\/span><\/td>\n<td><span style=\"font-family: comic\\ sans\\ ms, sans-serif;\">Christian Engelmayer<\/span><\/td>\n<td>8624<\/td>\n<td>KV Rot- Wei\u00df Klingenm\u00fcnster e.V<\/td>\n<\/tr>\n<tr>\n<td><span style=\"font-family: comic\\ sans\\ ms, sans-serif;\">2025<\/span><\/td>\n<td><span style=\"font-family: comic\\ sans\\ ms, sans-serif;\">Nicole Kuntz<\/span><\/td>\n<td>8625<\/td>\n<td>KV Rot- Wei\u00df Klingenm\u00fcnster e.V<\/td>\n<\/tr>\n<tr>\n<td><span style=\"font-family: comic\\ sans\\ ms, sans-serif;\">2025<\/span><\/td>\n<td><span style=\"font-family: comic\\ sans\\ ms, sans-serif;\">Edelbert Lang<\/span><\/td>\n<td>8626<\/td>\n<td>KV Rot- Wei\u00df Klingenm\u00fcnster e.V<\/td>\n<\/tr>\n<tr>\n<td><span style=\"font-family: comic\\ sans\\ ms, sans-serif;\">2025<\/span><\/td>\n<td><span style=\"font-family: comic\\ sans\\ ms, sans-serif;\">Goldener L\u00f6we mit Brilliant &#8211; Christel Flory<\/span><\/td>\n<td>8627<\/td>\n<td>KV Rot- Wei\u00df Klingenm\u00fcnster e.V<\/td>\n<\/tr>\n<tr>\n<td><span style=\"font-family: comic\\ sans\\ ms, sans-serif;\">2026<\/span><\/td>\n<td><span style=\"font-family: comic\\ sans\\ ms, sans-serif;\">Bernadette Flory-Johner<\/span><\/td>\n<td>8628<\/td>\n<td>KV Rot- Wei\u00df Klingenm\u00fcnster e.V<\/td>\n<\/tr>\n<\/tbody>\n<\/table>\n<p>&nbsp;<\/p>\n\n\n<p><\/p>\n\n\n\n<p><\/p>\n\n\n\n<p><\/p>\n","protected":false},"excerpt":{"rendered":"<p>verliehen Besitzer L\u00f6Nr Verein 1999 Josef Leidenheimer 3424 KV Rot- Wei\u00df Klingenm\u00fcnster e.V. 2002 Christel Flory 3993 KV Rot- Wei\u00df Klingenm\u00fcnster e.V. 2004 Heinz Michel 4502 KV Rot- Wei\u00df Klingenm\u00fcnster e.V. 2006 Gerhard Frey 4897 KV Rot- Wei\u00df Klingenm\u00fcnster e.V. 2007 Elisabeth Hofmann 5158 KV Rot- Wei\u00df Klingenm\u00fcnster e.V. 2007 Elke Keule 5159 KV Rot- &hellip; <\/p>\n<p class=\"link-more\"><a href=\"https:\/\/kvklingenmuenster.de\/?page_id=133\" class=\"more-link\">Mehr <span class=\"screen-reader-text\">\u00fcber &#8222;Goldener L\u00f6we&#8220; <\/span>Lesen<\/a><\/p>\n","protected":false},"author":2,"featured_media":0,"parent":0,"menu_order":0,"comment_status":"closed","ping_status":"closed","template":"","meta":{"footnotes":""},"class_list":["post-133","page","type-page","status-publish","hentry"],"_links":{"self":[{"href":"https:\/\/kvklingenmuenster.de\/index.php?rest_route=\/wp\/v2\/pages\/133","targetHints":{"allow":["GET"]}}],"collection":[{"href":"https:\/\/kvklingenmuenster.de\/index.php?rest_route=\/wp\/v2\/pages"}],"about":[{"href":"https:\/\/kvklingenmuenster.de\/index.php?rest_route=\/wp\/v2\/types\/page"}],"author":[{"embeddable":true,"href":"https:\/\/kvklingenmuenster.de\/index.php?rest_route=\/wp\/v2\/users\/2"}],"replies":[{"embeddable":true,"href":"https:\/\/kvklingenmuenster.de\/index.php?rest_route=%2Fwp%2Fv2%2Fcomments&post=133"}],"version-history":[{"count":13,"href":"https:\/\/kvklingenmuenster.de\/index.php?rest_route=\/wp\/v2\/pages\/133\/revisions"}],"predecessor-version":[{"id":794,"href":"https:\/\/kvklingenmuenster.de\/index.php?rest_route=\/wp\/v2\/pages\/133\/revisions\/794"}],"wp:attachment":[{"href":"https:\/\/kvklingenmuenster.de\/index.php?rest_route=%2Fwp%2Fv2%2Fmedia&parent=133"}],"curies":[{"name":"wp","href":"https:\/\/api.w.org\/{rel}","templated":true}]}}