{"id":112,"date":"2017-08-02T18:23:21","date_gmt":"2017-08-02T18:23:21","guid":{"rendered":"http:\/\/kvklingenmuenster.de\/?page_id=112"},"modified":"2025-04-14T08:40:10","modified_gmt":"2025-04-14T06:40:10","slug":"impressum","status":"publish","type":"page","link":"https:\/\/kvklingenmuenster.de\/?page_id=112","title":{"rendered":"Impressum"},"content":{"rendered":"<div>\n<p><em><span class=\"scayt-misspell\" data-scayt_word=\"Verantortliche\" data-scaytid=\"1\">Verantwortliche<\/span> <span class=\"scayt-misspell\" data-scayt_word=\"im\" data-scaytid=\"3\">im<\/span> <span class=\"scayt-misspell\" data-scayt_word=\"Sinne\" data-scaytid=\"5\">Sinne<\/span> des <span class=\"scayt-misspell\" data-scayt_word=\"Medienrechts\" data-scaytid=\"7\">Medienrechts<\/span><\/em><\/p>\n<p><em>1. <span class=\"scayt-misspell\" data-scayt_word=\"Vorstand\" data-scaytid=\"9\">Vorsitzender<\/span><\/em><\/p>\n<p><em>Lukas Hoffmann<br \/>\n<\/em><\/p>\n<p><em>Weinstra\u00dfe 85<br \/>\n76889 Klingenm\u00fcnster<\/em><\/p>\n<p><em><span class=\"scayt-misspell\" data-scayt_word=\"Rechtliche\" data-scaytid=\"19\">Rechtliche<\/span> <span class=\"scayt-misspell\" data-scayt_word=\"Hinweise\" data-scaytid=\"21\">Hinweise<\/span><\/em><\/p>\n<p><em><span class=\"scayt-misspell\" data-scayt_word=\"Alle\" data-scaytid=\"23\">Alle<\/span> <span class=\"scayt-misspell\" data-scayt_word=\"Rechte\" data-scaytid=\"25\">Rechte<\/span> <span class=\"scayt-misspell\" data-scayt_word=\"f\u00fcr\" data-scaytid=\"27\">f\u00fcr<\/span> <span class=\"scayt-misspell\" data-scayt_word=\"Inhalte\" data-scaytid=\"29\">Inhalte<\/span> <span class=\"scayt-misspell\" data-scayt_word=\"auf\" data-scaytid=\"31\">auf<\/span> <span class=\"scayt-misspell\" data-scayt_word=\"dieser\" data-scaytid=\"33\">dieser<\/span> <span class=\"scayt-misspell\" data-scayt_word=\"Seite\" data-scaytid=\"35\">Seite<\/span> <span class=\"scayt-misspell\" data-scayt_word=\"verbleiben\" data-scaytid=\"37\">verbleiben<\/span> <span class=\"scayt-misspell\" data-scayt_word=\"bei\" data-scaytid=\"39\">bei<\/span> <span class=\"scayt-misspell\" data-scayt_word=\"der\" data-scaytid=\"41\">dem Karnevalverein Rot\/Wei\u00df Klingenm\u00fcnster<\/span> <span class=\"scayt-misspell\" data-scayt_word=\"oder\" data-scaytid=\"45\">oder<\/span> <span class=\"scayt-misspell\" data-scayt_word=\"ihren\" data-scaytid=\"49\">ihren<\/span> <span class=\"scayt-misspell\" data-scayt_word=\"bisherigen\" data-scaytid=\"51\">bisherigen<\/span> <span class=\"scayt-misspell\" data-scayt_word=\"Eigent\u00fcmern\" data-scaytid=\"53\">Eigent\u00fcmern<\/span>. Die <span class=\"scayt-misspell\" data-scayt_word=\"Weiterverwendung\" data-scaytid=\"55\">Weiterverwendung<\/span> <span class=\"scayt-misspell\" data-scayt_word=\"jedweder\" data-scaytid=\"57\">jedweder<\/span> Art <span class=\"scayt-misspell\" data-scayt_word=\"der\" data-scaytid=\"47\">der<\/span> <span class=\"scayt-misspell\" data-scayt_word=\"hier\" data-scaytid=\"59\">hier<\/span> <span class=\"scayt-misspell\" data-scayt_word=\"ver\u00f6ffentlichten\" data-scaytid=\"61\">ver\u00f6ffentlichten<\/span> <span class=\"scayt-misspell\" data-scayt_word=\"Texte\" data-scaytid=\"63\">Texte<\/span> und <span class=\"scayt-misspell\" data-scayt_word=\"Bilder\" data-scaytid=\"65\">Bilder<\/span> <span class=\"scayt-misspell\" data-scayt_word=\"ist\" data-scaytid=\"67\">ist<\/span> <span class=\"scayt-misspell\" data-scayt_word=\"nur\" data-scaytid=\"69\">nur<\/span> <span class=\"scayt-misspell\" data-scayt_word=\"mit\" data-scaytid=\"71\">mit<\/span> <span class=\"scayt-misspell\" data-scayt_word=\"vorheriger\" data-scaytid=\"73\">vorheriger<\/span> <span class=\"scayt-misspell\" data-scayt_word=\"Genehmigung\" data-scaytid=\"75\">Genehmigung<\/span> <span class=\"scayt-misspell\" data-scayt_word=\"durch\" data-scaytid=\"77\">durch<\/span> den <span class=\"scayt-misspell\" data-scayt_word=\"Verantwortlichen\" data-scaytid=\"79\">Verantwortlichen<\/span> des <span class=\"scayt-misspell\" data-scayt_word=\"Arbeitskreises\" data-scaytid=\"81\">Arbeitskreises<\/span> <span class=\"scayt-misspell\" data-scayt_word=\"gestattet\" data-scaytid=\"83\">gestattet<\/span>.<\/em><\/p>\n<p><em>Das <span class=\"scayt-misspell\" data-scayt_word=\"Landgericht\" data-scaytid=\"99\">Landgericht<\/span> Hamburg hat <span class=\"scayt-misspell\" data-scayt_word=\"mit\" data-scaytid=\"85\">mit<\/span> <span class=\"scayt-misspell\" data-scayt_word=\"Urteil\" data-scaytid=\"101\">Urteil<\/span> &#8211; 312 O 85\/98 &#8211; <span class=\"scayt-misspell\" data-scayt_word=\"vom\" data-scaytid=\"103\">vom<\/span> 12.05.1998 <span class=\"scayt-misspell\" data-scayt_word=\"entschieden\" data-scaytid=\"105\">entschieden<\/span>, <span class=\"scayt-misspell\" data-scayt_word=\"dass\" data-scaytid=\"107\">dass<\/span> man <span class=\"scayt-misspell\" data-scayt_word=\"durch\" data-scaytid=\"87\">durch<\/span> die <span class=\"scayt-misspell\" data-scayt_word=\"Ausbringung\" data-scaytid=\"109\">Ausbringung<\/span> <span class=\"scayt-misspell\" data-scayt_word=\"eines\" data-scaytid=\"111\">eines<\/span> Links die <span class=\"scayt-misspell\" data-scayt_word=\"Inhalte\" data-scaytid=\"89\">Inhalte<\/span> <span class=\"scayt-misspell\" data-scayt_word=\"der\" data-scaytid=\"91\">der<\/span> <span class=\"scayt-misspell\" data-scayt_word=\"gelinkten\" data-scaytid=\"113\">gelinkten<\/span> <span class=\"scayt-misspell\" data-scayt_word=\"Seite\" data-scaytid=\"93\">Seite<\/span> <span class=\"scayt-misspell\" data-scayt_word=\"ggf\" data-scaytid=\"115\">ggf<\/span>. <span class=\"scayt-misspell\" data-scayt_word=\"mit\" data-scaytid=\"95\">mit<\/span> <span class=\"scayt-misspell\" data-scayt_word=\"zu\" data-scaytid=\"117\">zu<\/span> <span class=\"scayt-misspell\" data-scayt_word=\"verantworten\" data-scaytid=\"119\">verantworten<\/span> hat. Dies <span class=\"scayt-misspell\" data-scayt_word=\"kann\" data-scaytid=\"121\">kann<\/span> &#8211; so <span class=\"scayt-misspell\" data-scayt_word=\"das\" data-scaytid=\"123\">das<\/span> LG &#8211; <span class=\"scayt-misspell\" data-scayt_word=\"nur\" data-scaytid=\"97\">nur<\/span> <span class=\"scayt-misspell\" data-scayt_word=\"dadurch\" data-scaytid=\"129\">dadurch<\/span> <span class=\"scayt-misspell\" data-scayt_word=\"verhindert\" data-scaytid=\"131\">verhindert<\/span> <span class=\"scayt-misspell\" data-scayt_word=\"werden\" data-scaytid=\"133\">werden<\/span>, <span class=\"scayt-misspell\" data-scayt_word=\"dass\" data-scaytid=\"125\">dass<\/span> man <span class=\"scayt-misspell\" data-scayt_word=\"sich\" data-scaytid=\"135\">sich<\/span> <span class=\"scayt-misspell\" data-scayt_word=\"ausdr\u00fccklich\" data-scaytid=\"137\">ausdr\u00fccklich<\/span> von <span class=\"scayt-misspell\" data-scayt_word=\"diesen\" data-scaytid=\"139\">diesen<\/span> <span class=\"scayt-misspell\" data-scayt_word=\"Inhalten\" data-scaytid=\"141\">Inhalten<\/span> <span class=\"scayt-misspell\" data-scayt_word=\"distanziert\" data-scaytid=\"143\">distanziert<\/span>. <span class=\"scayt-misspell\" data-scayt_word=\"Auf\" data-scaytid=\"145\">Auf<\/span> <span class=\"scayt-misspell\" data-scayt_word=\"dieser\" data-scaytid=\"127\">dieser<\/span> <span class=\"scayt-misspell\" data-scayt_word=\"Webseite\" data-scaytid=\"147\">Webseite<\/span> <span class=\"scayt-misspell\" data-scayt_word=\"gibt\" data-scaytid=\"155\">gibt<\/span> <span class=\"scayt-misspell\" data-scayt_word=\"es\" data-scaytid=\"157\">es<\/span> Links <span class=\"scayt-misspell\" data-scayt_word=\"auf\" data-scaytid=\"149\">auf<\/span> <span class=\"scayt-misspell\" data-scayt_word=\"externe\" data-scaytid=\"159\">externe<\/span> <span class=\"scayt-misspell\" data-scayt_word=\"Seiten\" data-scaytid=\"161\">Seiten<\/span>. <span class=\"scayt-misspell\" data-scayt_word=\"F\u00fcr\" data-scaytid=\"163\">F\u00fcr<\/span> <span class=\"scayt-misspell\" data-scayt_word=\"diese\" data-scaytid=\"165\">diese<\/span> Links gilt: &#8222;<span class=\"scayt-misspell\" data-scayt_word=\"Wir\" data-scaytid=\"167\">Wir<\/span> <span class=\"scayt-misspell\" data-scayt_word=\"betonen\" data-scaytid=\"169\">betonen<\/span> <span class=\"scayt-misspell\" data-scayt_word=\"ausdr\u00fccklich\" data-scaytid=\"151\">ausdr\u00fccklich<\/span>, <span class=\"scayt-misspell\" data-scayt_word=\"dass\" data-scaytid=\"153\">dass<\/span> <span class=\"scayt-misspell\" data-scayt_word=\"wir\" data-scaytid=\"171\">wir<\/span> <span class=\"scayt-misspell\" data-scayt_word=\"keinerlei\" data-scaytid=\"173\">keinerlei<\/span> <span class=\"scayt-misspell\" data-scayt_word=\"Einfluss\" data-scaytid=\"187\">Einfluss<\/span> <span class=\"scayt-misspell\" data-scayt_word=\"auf\" data-scaytid=\"175\">auf<\/span> die <span class=\"scayt-misspell\" data-scayt_word=\"Gestaltung\" data-scaytid=\"189\">Gestaltung<\/span> und die <span class=\"scayt-misspell\" data-scayt_word=\"Inhalte\" data-scaytid=\"177\">Inhalte<\/span> <span class=\"scayt-misspell\" data-scayt_word=\"der\" data-scaytid=\"179\">der<\/span> <span class=\"scayt-misspell\" data-scayt_word=\"gelinkten\" data-scaytid=\"181\">gelinkten<\/span> <span class=\"scayt-misspell\" data-scayt_word=\"Seiten\" data-scaytid=\"183\">Seiten<\/span> <span class=\"scayt-misspell\" data-scayt_word=\"haben\" data-scaytid=\"191\">haben<\/span>. <span class=\"scayt-misspell\" data-scayt_word=\"Deshalb\" data-scaytid=\"193\">Deshalb<\/span> <span class=\"scayt-misspell\" data-scayt_word=\"distanzieren\" data-scaytid=\"195\">distanzieren<\/span> <span class=\"scayt-misspell\" data-scayt_word=\"wir\" data-scaytid=\"185\">wir<\/span> <span class=\"scayt-misspell\" data-scayt_word=\"uns\" data-scaytid=\"197\">uns<\/span> <span class=\"scayt-misspell\" data-scayt_word=\"ausdr\u00fccklich\" data-scaytid=\"199\">ausdr\u00fccklich<\/span> von <span class=\"scayt-misspell\" data-scayt_word=\"allen\" data-scaytid=\"215\">allen<\/span> <span class=\"scayt-misspell\" data-scayt_word=\"Inhalten\" data-scaytid=\"201\">Inhalten<\/span> <span class=\"scayt-misspell\" data-scayt_word=\"der\" data-scaytid=\"203\">der<\/span> <span class=\"scayt-misspell\" data-scayt_word=\"gelinkten\" data-scaytid=\"207\">gelinkten<\/span> <span class=\"scayt-misspell\" data-scayt_word=\"Seiten\" data-scaytid=\"209\">Seiten<\/span> <span class=\"scayt-misspell\" data-scayt_word=\"auf\" data-scaytid=\"211\">auf<\/span> <span class=\"scayt-misspell\" data-scayt_word=\"der\" data-scaytid=\"205\">der<\/span> <span class=\"scayt-misspell\" data-scayt_word=\"gesamten\" data-scaytid=\"217\">gesamten<\/span> <span class=\"scayt-misspell\" data-scayt_word=\"Webseite\" data-scaytid=\"213\">Webseite<\/span> <span class=\"scayt-misspell\" data-scayt_word=\"inklusive\" data-scaytid=\"219\">inklusive<\/span> <span class=\"scayt-misspell\" data-scayt_word=\"aller\" data-scaytid=\"221\">aller<\/span> <span class=\"scayt-misspell\" data-scayt_word=\"Unterseiten\" data-scaytid=\"223\">Unterseiten<\/span>. <span class=\"scayt-misspell\" data-scayt_word=\"Diese\" data-scaytid=\"241\">Diese<\/span> <span class=\"scayt-misspell\" data-scayt_word=\"Erkl\u00e4rung\" data-scaytid=\"243\">Erkl\u00e4rung<\/span> gilt <span class=\"scayt-misspell\" data-scayt_word=\"f\u00fcr\" data-scaytid=\"225\">f\u00fcr<\/span> <span class=\"scayt-misspell\" data-scayt_word=\"alle\" data-scaytid=\"245\">alle<\/span> <span class=\"scayt-misspell\" data-scayt_word=\"auf\" data-scaytid=\"229\">auf<\/span> <span class=\"scayt-misspell\" data-scayt_word=\"dieser\" data-scaytid=\"231\">dieser<\/span> <span class=\"scayt-misspell\" data-scayt_word=\"Webseite\" data-scaytid=\"233\">Webseite<\/span> <span class=\"scayt-misspell\" data-scayt_word=\"angebrachten\" data-scaytid=\"249\">angebrachten<\/span> Links und <span class=\"scayt-misspell\" data-scayt_word=\"f\u00fcr\" data-scaytid=\"227\">f\u00fcr<\/span> <span class=\"scayt-misspell\" data-scayt_word=\"alle\" data-scaytid=\"247\">alle<\/span> <span class=\"scayt-misspell\" data-scayt_word=\"Inhalte\" data-scaytid=\"235\">Inhalte<\/span> <span class=\"scayt-misspell\" data-scayt_word=\"der\" data-scaytid=\"237\">der<\/span> <span class=\"scayt-misspell\" data-scayt_word=\"Seiten\" data-scaytid=\"239\">Seiten<\/span>, <span class=\"scayt-misspell\" data-scayt_word=\"zu\" data-scaytid=\"251\">zu<\/span> <span class=\"scayt-misspell\" data-scayt_word=\"denen\" data-scaytid=\"253\">denen<\/span> Links f\u00fchren.&#8220;<\/em><\/p>\n<\/div>\n","protected":false},"excerpt":{"rendered":"<p>Verantwortliche im Sinne des Medienrechts 1. Vorsitzender Lukas Hoffmann Weinstra\u00dfe 85 76889 Klingenm\u00fcnster Rechtliche Hinweise Alle Rechte f\u00fcr Inhalte auf dieser Seite verbleiben bei dem Karnevalverein Rot\/Wei\u00df Klingenm\u00fcnster oder ihren bisherigen Eigent\u00fcmern. Die Weiterverwendung jedweder Art der hier ver\u00f6ffentlichten Texte und Bilder ist nur mit vorheriger Genehmigung durch den Verantwortlichen des Arbeitskreises gestattet. Das Landgericht &hellip; <\/p>\n<p class=\"link-more\"><a href=\"https:\/\/kvklingenmuenster.de\/?page_id=112\" class=\"more-link\">Mehr <span class=\"screen-reader-text\">\u00fcber &#8222;Impressum&#8220; <\/span>Lesen<\/a><\/p>\n","protected":false},"author":2,"featured_media":0,"parent":0,"menu_order":0,"comment_status":"closed","ping_status":"closed","template":"","meta":{"footnotes":""},"class_list":["post-112","page","type-page","status-publish","hentry"],"_links":{"self":[{"href":"https:\/\/kvklingenmuenster.de\/index.php?rest_route=\/wp\/v2\/pages\/112","targetHints":{"allow":["GET"]}}],"collection":[{"href":"https:\/\/kvklingenmuenster.de\/index.php?rest_route=\/wp\/v2\/pages"}],"about":[{"href":"https:\/\/kvklingenmuenster.de\/index.php?rest_route=\/wp\/v2\/types\/page"}],"author":[{"embeddable":true,"href":"https:\/\/kvklingenmuenster.de\/index.php?rest_route=\/wp\/v2\/users\/2"}],"replies":[{"embeddable":true,"href":"https:\/\/kvklingenmuenster.de\/index.php?rest_route=%2Fwp%2Fv2%2Fcomments&post=112"}],"version-history":[{"count":5,"href":"https:\/\/kvklingenmuenster.de\/index.php?rest_route=\/wp\/v2\/pages\/112\/revisions"}],"predecessor-version":[{"id":747,"href":"https:\/\/kvklingenmuenster.de\/index.php?rest_route=\/wp\/v2\/pages\/112\/revisions\/747"}],"wp:attachment":[{"href":"https:\/\/kvklingenmuenster.de\/index.php?rest_route=%2Fwp%2Fv2%2Fmedia&parent=112"}],"curies":[{"name":"wp","href":"https:\/\/api.w.org\/{rel}","templated":true}]}}